{"id":4331,"date":"2022-03-23T10:34:45","date_gmt":"2022-03-23T09:34:45","guid":{"rendered":"https:\/\/lsc-group.lu\/mentions-legales\/"},"modified":"2022-09-08T10:55:23","modified_gmt":"2022-09-08T08:55:23","slug":"privacy-policy","status":"publish","type":"page","link":"https:\/\/lsc-group.lu\/de\/privacy-policy\/","title":{"rendered":"Privacy Policy"},"content":{"rendered":"<div class=\"wpb-content-wrapper\"><p>[vc_section][vc_row][vc_column][vc_column_text]<\/p>\n<h1 class=\"top-mar-3\">Mentions L\u00e9gales<\/h1>\n<p>[\/vc_column_text][\/vc_column][\/vc_row][\/vc_section][vc_section][vc_row][vc_column][vc_column_text]<\/p>\n<h3>Editeur<\/h3>\n<p><strong>Raison sociale <\/strong>: LSC Engineering Group S.A.<br \/>\n<strong>R.C.S <\/strong>: B99487<br \/>\n<strong>TVA <\/strong>: 2004 2202 992 \/ LU25882816<br \/>\n<strong>Date de Cr\u00e9ation <\/strong>: 02\/2004<\/p>\n<p><strong>Capital <\/strong>: 1.300.000 \u20ac<br \/>\n<strong>Si\u00e8ge social <\/strong>: 4, rue Albert Simon, L-5315 Contern, Luxembourg<br \/>\n<strong>T\u00e9l\u00e9phone <\/strong>: (+352) 26 390 \u2013 1<\/p>\n<p><strong>Courriel <\/strong>: info@lsc-group.lu<\/p>\n<div class=\"hidden\"><strong>H\u00e9bergement <\/strong>: Nvision SA<strong>R.C.S <\/strong>: B 127851<br \/>\n<strong>TVA <\/strong>: 2007 24 209 00 \/ LU21825325<br \/>\n<strong>Date de Cr\u00e9ation <\/strong>: 2007<\/p>\n<p><strong>Si\u00e8ge social <\/strong>: 15, rue d\u2019Oetrange L -5411 Canach<br \/>\n<strong>T\u00e9l\u00e9phone <\/strong>: (+352) 26 7<\/p>\n<\/div>\n<p>[\/vc_column_text][\/vc_column][\/vc_row][\/vc_section][vc_section][vc_row][vc_column][vc_column_text]<\/p>\n<h3>Conception &amp; r\u00e9alisation, webmaster<\/h3>\n<p>Le site a \u00e9t\u00e9 con\u00e7u et r\u00e9alis\u00e9 par Done S.\u00e0 r.l.<\/p>\n<p><strong>R.C.S <\/strong>: B0192415<br \/>\n<strong>TVA <\/strong>: LU27317130<br \/>\n<strong>Date de Cr\u00e9ation <\/strong>: 2014<\/p>\n<p><strong>Si\u00e8ge social <\/strong>: 60,rue de Reckange L-3943 Mondercange<br \/>\n<strong>T\u00e9l\u00e9phone <\/strong>: +352 2021103311[\/vc_column_text][\/vc_column][\/vc_row][\/vc_section][vc_section][vc_row][vc_column][vc_column_text]<\/p>\n<h3>Propri\u00e9t\u00e9 intellectuelle<\/h3>\n<p>Les \u00e9l\u00e9ments figurant au sein du pr\u00e9sent site, tels que sons, images, photographies, vid\u00e9os, \u00e9crits, animations, programmes, charte graphique, utilitaires, bases de donn\u00e9es, logiciels, sont prot\u00e9g\u00e9s par les dispositions du Code de la propri\u00e9t\u00e9 intellectuelle et appartiennent \u00e0 LSC Engineering Group ou \u00e0 l\u2019une de ses filiales : Luxplan, Simon-Christiansen &amp; Associ\u00e9s, SC France, SC Afrique, Luxsense Geodata, Zilmplan, G\u00e9oconseils, BSC Ing\u00e9nieurs Conseils.<\/p>\n<p>L\u2019utilisateur s\u2019interdit de porter atteinte aux droits de propri\u00e9t\u00e9 intellectuelle aff\u00e9rents \u00e0 ces \u00e9l\u00e9ments \u00e0 l\u2019exclusion des actes n\u00e9cessaires \u00e0 leur usage normal et conforme.[\/vc_column_text][\/vc_column][\/vc_row][\/vc_section][vc_section][vc_row][vc_column][vc_column_text]<\/p>\n<h2 class=\"top-mar-1 bot-mar-1\">Politique de confidentialit\u00e9<\/h2>\n<p>[\/vc_column_text][vc_column_text]<\/p>\n<h3>Cookies<\/h3>\n<p><strong>Qu\u2019est-ce qu\u2019un cookie ?<\/strong><br \/>\nUn cookie est un petit fichier texte envoy\u00e9 \u00e0 votre navigateur via le site Web consult\u00e9. Gr\u00e2ce \u00e0 ce cookie, des informations sur votre visite, notamment votre langue de pr\u00e9dilection et d\u2019autres param\u00e8tres, sont enregistr\u00e9es sur le site Web. Cela peut faciliter votre visite suivante sur ce site et renforcer l\u2019utilit\u00e9 de ce dernier pour vous. Pour plus de d\u00e9tails sur ce qu\u2019est un cookie, voyez le site de la <a href=\"http:\/\/www.cnil.fr\/vos-droits\/vos-traces\/les-cookies\/\" target=\"_blank\" rel=\"nofollow noopener\">CNIL<\/a> ou <a href=\"http:\/\/fr.wikipedia.org\/wiki\/Cookie_%28informatique%29\" target=\"_blank\" rel=\"nofollow noopener\">Wikip\u00e9dia<\/a>.[\/vc_column_text][vc_column_text]<strong>Vous pouvez \u00e0 tout moment modifier les param\u00e8tres de votre navigateur afin d\u2019accepter ou de refuser les cookies<\/strong><\/p>\n<p>Vous pouvez configurer votre logiciel de navigation selon votre volont\u00e9, de mani\u00e8re \u00e0 ce que des cookies soient (1) accept\u00e9s et enregistr\u00e9s dans votre terminal ou, au contraire, (2) afin qu\u2019ils soient refus\u00e9s.<\/p>\n<p><strong>1. L\u2019accord sur les Cookies<\/strong><br \/>\nSi votre logiciel de navigation est param\u00e9tr\u00e9 de mani\u00e8re \u00e0 accepter l\u2019enregistrement de cookies dans votre terminal, les cookies int\u00e9gr\u00e9s dans les pages et contenus que vous avez consult\u00e9s seront syst\u00e9matiquement enregistr\u00e9s dans votre terminal.<\/p>\n<p><strong>2. Le refus des Cookies<\/strong><br \/>\nVous pouvez param\u00e9trer votre logiciel de navigation de mani\u00e8re :<\/p>\n<ul>\n<li>\u00e0 ce que l\u2019acceptation ou le refus des cookies vous soient propos\u00e9s ponctuellement, avant qu\u2019un cookie soit susceptible d\u2019\u00eatre enregistr\u00e9 ;<\/li>\n<li>\u00e0 refuser syst\u00e9matiquement l\u2019enregistrement de cookies dans votre terminal.<\/li>\n<\/ul>\n<p>[\/vc_column_text][vc_column_text]<strong>Attention <\/strong>: tout param\u00e9trage que vous pouvez entreprendre sur votre logiciel de navigation concernant l\u2019acceptation ou le refus des cookies sera susceptible de modifier votre navigation sur Internet et vos conditions d\u2019acc\u00e8s \u00e0 certains services n\u00e9cessitant l\u2019utilisation de ces m\u00eames cookies. Si vous choisissez de refuser l\u2019enregistrement de cookies dans votre terminal ou si vous supprimez ceux qui y sont enregistr\u00e9s, nous d\u00e9clinons toute responsabilit\u00e9 pour les \u00e9ventuelles cons\u00e9quences li\u00e9es au fonctionnement d\u00e9grad\u00e9 de nos services r\u00e9sultant de l\u2019impossibilit\u00e9 pour nous d\u2019enregistrer ou de consulter les cookies n\u00e9cessaires \u00e0 leur fonctionnement.[\/vc_column_text][vc_column_text]<strong>La configuration de chaque logiciel<\/strong> de navigation est diff\u00e9rente. Elle est g\u00e9n\u00e9ralement d\u00e9crite dans le menu d\u2019aide de votre logiciel de navigation. Nous vous invitons donc \u00e0 en prendre connaissance. Vous pourrez ainsi savoir de quelle mani\u00e8re modifier vos souhaits en mati\u00e8re de cookies.<\/p>\n<ul>\n<li>Pour Internet Explorer\u2122 <a href=\"https:\/\/support.microsoft.com\/fr-fr\/help\/17442\/windows-internet-explorer-delete-manage-cookies\" target=\"_blank\" rel=\"nofollow noopener\">microsoft.com<\/a><\/li>\n<li>Pour Safari\u2122 <a href=\"https:\/\/support.apple.com\/kb\/PH19214?locale=fr_FR&amp;viewlocale=fr_FR\" target=\"_blank\" rel=\"nofollow noopener\">apple.com<\/a><\/li>\n<li>Pour Chrome\u2122 <a href=\"https:\/\/support.google.com\/chrome\/answer\/95647?hl=fr&amp;hlrm=en\" target=\"_blank\" rel=\"nofollow noopener\">google.com<\/a><\/li>\n<li>Pour Firefox\u2122 <a href=\"https:\/\/support.mozilla.org\/fr\/kb\/activer-desactiver-cookies-preferences?redirectlocale=fr&amp;redirectslug=Activer+et+d%C3%A9sactiver+les+cookies\" target=\"_blank\" rel=\"nofollow noopener\">mozilla.org<\/a><\/li>\n<li>Pour Opera\u2122 <a href=\"http:\/\/help.opera.com\/Windows\/10.20\/fr\/cookies.html\" target=\"_blank\" rel=\"nofollow noopener\">opera.com<\/a><\/li>\n<\/ul>\n<p>[\/vc_column_text][vc_column_text]Pour en savoir plus : \u00ab <a href=\"\/de\/cookie-policy\/\" target=\"_blank\" rel=\"noopener\">Politique de cookies<\/a> \u00bb[\/vc_column_text][\/vc_column][\/vc_row][\/vc_section][vc_section el_class=&#8220;bot-mar-4&#8243;][vc_row][vc_column][vc_column_text]<\/p>\n<h3>Gestion des donn\u00e9es personnelles<\/h3>\n<p>L\u2019utilisateur du pr\u00e9sent site est inform\u00e9 que des donn\u00e9es \u00e0 caract\u00e8re personnel le concernant sont collect\u00e9es et trait\u00e9es.[\/vc_column_text][vc_column_text]L\u2019utilisateur du site est inform\u00e9 que ses donn\u00e9es :<\/p>\n<ul>\n<li>sont collect\u00e9es de mani\u00e8re loyale et licite,<\/li>\n<li>sont collect\u00e9es pour des finalit\u00e9s d\u00e9termin\u00e9es, explicites et l\u00e9gitimes,<\/li>\n<li>ne seront pas trait\u00e9es ult\u00e9rieurement de mani\u00e8re incompatible avec ces finalit\u00e9s,<\/li>\n<li>sont ad\u00e9quates, pertinentes et non excessives au regard des finalit\u00e9s pour lesquelles elles sont collect\u00e9es et de leurs traitements ult\u00e9rieurs,<\/li>\n<li>sont exactes et compl\u00e8tes,<\/li>\n<li>sont conserv\u00e9es sous une forme permettant l\u2019identification des personnes concern\u00e9es pendant une dur\u00e9e qui n\u2019exc\u00e8de pas la dur\u00e9e n\u00e9cessaire aux finalit\u00e9s pour lesquelles elles sont collect\u00e9es et trait\u00e9es.<\/li>\n<\/ul>\n<p>[\/vc_column_text][vc_column_text]<strong>Pour en savoir plus sur la gestion des donn\u00e9es collect\u00e9es par LSC veuillez consulter notre politique de protection des donn\u00e9es \u00e0 caract\u00e8re personnel : <a href=\"\/wp-content\/uploads\/2022\/03\/LSC-RGPD-EKH-20180726-PolitiqueExterneSiteWEB.v2.pdf\" target=\"_blank\" rel=\"nofollow noopener\">cliquez ici <\/a>.<\/strong>[\/vc_column_text][\/vc_column][\/vc_row][\/vc_section]<\/p>\n<\/div>","protected":false},"excerpt":{"rendered":"<p>[vc_section][vc_row][vc_column][vc_column_text] Mentions L\u00e9gales [\/vc_column_text][\/vc_column][\/vc_row][\/vc_section][vc_section][vc_row][vc_column][vc_column_text] Editeur Raison sociale : LSC Engineering Group S.A. R.C.S : B99487 TVA : 2004 2202 992 \/ LU25882816 Date de Cr\u00e9ation :<span class=\"excerpt-hellip\"> [\u2026]<\/span><\/p>\n","protected":false},"author":1,"featured_media":0,"parent":0,"menu_order":0,"comment_status":"closed","ping_status":"closed","template":"","meta":{"footnotes":""},"class_list":["post-4331","page","type-page","status-publish","hentry"],"yoast_head":"<!-- This site is optimized with the Yoast SEO plugin v23.8 - https:\/\/yoast.com\/wordpress\/plugins\/seo\/ -->\n<title>Privacy Policy - LSC Group<\/title>\n<meta name=\"robots\" content=\"index, follow, max-snippet:-1, max-image-preview:large, max-video-preview:-1\" \/>\n<link rel=\"canonical\" href=\"https:\/\/lsc-group.lu\/de\/privacy-policy\/\" \/>\n<meta property=\"og:locale\" content=\"de_DE\" \/>\n<meta property=\"og:type\" content=\"article\" \/>\n<meta property=\"og:title\" content=\"Privacy Policy - LSC Group\" \/>\n<meta property=\"og:description\" content=\"[vc_section][vc_row][vc_column][vc_column_text] Mentions L\u00e9gales [\/vc_column_text][\/vc_column][\/vc_row][\/vc_section][vc_section][vc_row][vc_column][vc_column_text] Editeur Raison sociale : LSC Engineering Group S.A. R.C.S : B99487 TVA : 2004 2202 992 \/ LU25882816 Date de Cr\u00e9ation : [\u2026]\" \/>\n<meta property=\"og:url\" content=\"https:\/\/lsc-group.lu\/de\/privacy-policy\/\" \/>\n<meta property=\"og:site_name\" content=\"LSC Group\" \/>\n<meta property=\"article:modified_time\" content=\"2022-09-08T08:55:23+00:00\" \/>\n<meta name=\"twitter:card\" content=\"summary_large_image\" \/>\n<meta name=\"twitter:label1\" content=\"Gesch\u00e4tzte Lesezeit\" \/>\n\t<meta name=\"twitter:data1\" content=\"4\u00a0Minuten\" \/>\n<script type=\"application\/ld+json\" class=\"yoast-schema-graph\">{\"@context\":\"https:\/\/schema.org\",\"@graph\":[{\"@type\":\"WebPage\",\"@id\":\"https:\/\/lsc-group.lu\/de\/privacy-policy\/\",\"url\":\"https:\/\/lsc-group.lu\/de\/privacy-policy\/\",\"name\":\"Privacy Policy - LSC Group\",\"isPartOf\":{\"@id\":\"https:\/\/lsc-group.lu\/#website\"},\"datePublished\":\"2022-03-23T09:34:45+00:00\",\"dateModified\":\"2022-09-08T08:55:23+00:00\",\"breadcrumb\":{\"@id\":\"https:\/\/lsc-group.lu\/de\/privacy-policy\/#breadcrumb\"},\"inLanguage\":\"de\",\"potentialAction\":[{\"@type\":\"ReadAction\",\"target\":[\"https:\/\/lsc-group.lu\/de\/privacy-policy\/\"]}]},{\"@type\":\"BreadcrumbList\",\"@id\":\"https:\/\/lsc-group.lu\/de\/privacy-policy\/#breadcrumb\",\"itemListElement\":[{\"@type\":\"ListItem\",\"position\":1,\"name\":\"Home\",\"item\":\"https:\/\/lsc-group.lu\/de\/\"},{\"@type\":\"ListItem\",\"position\":2,\"name\":\"Privacy Policy\"}]},{\"@type\":\"WebSite\",\"@id\":\"https:\/\/lsc-group.lu\/#website\",\"url\":\"https:\/\/lsc-group.lu\/\",\"name\":\"LSC Group\",\"description\":\"\",\"inLanguage\":\"de\"}]}<\/script>\n<!-- \/ Yoast SEO plugin. -->","yoast_head_json":{"title":"Privacy Policy - LSC Group","robots":{"index":"index","follow":"follow","max-snippet":"max-snippet:-1","max-image-preview":"max-image-preview:large","max-video-preview":"max-video-preview:-1"},"canonical":"https:\/\/lsc-group.lu\/de\/privacy-policy\/","og_locale":"de_DE","og_type":"article","og_title":"Privacy Policy - LSC Group","og_description":"[vc_section][vc_row][vc_column][vc_column_text] Mentions L\u00e9gales [\/vc_column_text][\/vc_column][\/vc_row][\/vc_section][vc_section][vc_row][vc_column][vc_column_text] Editeur Raison sociale : LSC Engineering Group S.A. R.C.S : B99487 TVA : 2004 2202 992 \/ LU25882816 Date de Cr\u00e9ation : [\u2026]","og_url":"https:\/\/lsc-group.lu\/de\/privacy-policy\/","og_site_name":"LSC Group","article_modified_time":"2022-09-08T08:55:23+00:00","twitter_card":"summary_large_image","twitter_misc":{"Gesch\u00e4tzte Lesezeit":"4\u00a0Minuten"},"schema":{"@context":"https:\/\/schema.org","@graph":[{"@type":"WebPage","@id":"https:\/\/lsc-group.lu\/de\/privacy-policy\/","url":"https:\/\/lsc-group.lu\/de\/privacy-policy\/","name":"Privacy Policy - LSC Group","isPartOf":{"@id":"https:\/\/lsc-group.lu\/#website"},"datePublished":"2022-03-23T09:34:45+00:00","dateModified":"2022-09-08T08:55:23+00:00","breadcrumb":{"@id":"https:\/\/lsc-group.lu\/de\/privacy-policy\/#breadcrumb"},"inLanguage":"de","potentialAction":[{"@type":"ReadAction","target":["https:\/\/lsc-group.lu\/de\/privacy-policy\/"]}]},{"@type":"BreadcrumbList","@id":"https:\/\/lsc-group.lu\/de\/privacy-policy\/#breadcrumb","itemListElement":[{"@type":"ListItem","position":1,"name":"Home","item":"https:\/\/lsc-group.lu\/de\/"},{"@type":"ListItem","position":2,"name":"Privacy Policy"}]},{"@type":"WebSite","@id":"https:\/\/lsc-group.lu\/#website","url":"https:\/\/lsc-group.lu\/","name":"LSC Group","description":"","inLanguage":"de"}]}},"_links":{"self":[{"href":"https:\/\/lsc-group.lu\/de\/wp-json\/wp\/v2\/pages\/4331","targetHints":{"allow":["GET"]}}],"collection":[{"href":"https:\/\/lsc-group.lu\/de\/wp-json\/wp\/v2\/pages"}],"about":[{"href":"https:\/\/lsc-group.lu\/de\/wp-json\/wp\/v2\/types\/page"}],"author":[{"embeddable":true,"href":"https:\/\/lsc-group.lu\/de\/wp-json\/wp\/v2\/users\/1"}],"replies":[{"embeddable":true,"href":"https:\/\/lsc-group.lu\/de\/wp-json\/wp\/v2\/comments?post=4331"}],"version-history":[{"count":2,"href":"https:\/\/lsc-group.lu\/de\/wp-json\/wp\/v2\/pages\/4331\/revisions"}],"predecessor-version":[{"id":5262,"href":"https:\/\/lsc-group.lu\/de\/wp-json\/wp\/v2\/pages\/4331\/revisions\/5262"}],"wp:attachment":[{"href":"https:\/\/lsc-group.lu\/de\/wp-json\/wp\/v2\/media?parent=4331"}],"curies":[{"name":"wp","href":"https:\/\/api.w.org\/{rel}","templated":true}]}}