{"id":4059,"date":"2022-01-03T13:14:36","date_gmt":"2022-01-03T12:14:36","guid":{"rendered":"https:\/\/lsc-group.lu\/?page_id=4059"},"modified":"2025-11-18T21:18:32","modified_gmt":"2025-11-18T20:18:32","slug":"home","status":"publish","type":"page","link":"https:\/\/lsc-group.lu\/de\/","title":{"rendered":"Home"},"content":{"rendered":"<div class=\"wpb-content-wrapper\"><p>[vc_section full_width=&#8220;stretch_row&#8220; el_id=&#8220;intro&#8220; css=&#8220;.vc_custom_1763459888315{background: #022e59 url(https:\/\/lsc-group.lu\/wp-content\/uploads\/2025\/11\/bg_new.png?id=5416) !important;background-position: center !important;background-repeat: no-repeat !important;background-size: cover !important;}&#8220;][vc_row][vc_column][vc_column_text css=&#8220;&#8220;]<\/p>\n<h1 class=\"upper\" style=\"text-align: center;\">Das geb\u00fcndelte Wissen einer Gruppe<\/h1>\n<p>[\/vc_column_text][vc_column_text css=&#8220;&#8220;]Die LSC Engineering Group setzt sich aus mehreren Ingenieurb\u00fcros zusammen, die jeden Tag ihr Know-how b\u00fcndeln, um den Anforderungen des Markts im Baubereich und auf dem Gebiet der Raumordnung gerecht zu werden.[\/vc_column_text][vc_column_text css=&#8220;&#8220;]Dank der breiten Palette an Leistungen ist die Gruppe in der Lage, die Bau-, Renovierungs- oder Umbauprojekte ihrer Kunden in allen Phasen zu betreuen. Die Gruppe kann auf eine mehr als 40-j\u00e4hrige Erfahrung zur\u00fcckblicken und hat sich, bei gleichzeitigem Ausbau ihrer Pr\u00e4senz auf internationaler Ebene, zu einem der Marktf\u00fchrer dieser Branche in Luxemburg aufgeschwungen.[\/vc_column_text][\/vc_column][\/vc_row][vc_row full_width=&#8220;stretch_row_content_no_spaces&#8220; disable_element=&#8220;yes&#8220; el_class=&#8220;skew-bot-row skew-bot-row-light&#8220;][vc_column][\/vc_column][\/vc_row][\/vc_section][vc_section full_width=&#8220;stretch_row&#8220; css=&#8220;.vc_custom_1763456257297{background-color: #000000 !important;}&#8220; el_class=&#8220;top-pad-4&#8243; el_id=&#8220;home-activity-sec&#8220;][vc_row el_class=&#8220;bot-mar-4&#8243;][vc_column][vc_column_text css=&#8220;&#8220; el_class=&#8220;al-center white&#8220;]<\/p>\n<h2 class=\"upper\" style=\"text-align: center;\"><span style=\"color: #aa9460 !important;\">WER SIND WIR?<\/span><\/h2>\n<div id=\"gtx-trans\" style=\"position: absolute; left: 627px; top: -8.10938px;\">\n<div class=\"gtx-trans-icon\"><\/div>\n<\/div>\n<p>[\/vc_column_text][vc_column_text css=&#8220;&#8220;]<span style=\"color: #ffffff;\">Unsere Gruppe, die sich aus verschiedenen Unternehmen und Berufen zusammensetzt, vereint zahlreiche Experten mit unterschiedlichen Hintergr\u00fcnden. Die LSC Engineering Group zeichnet sich durch eine vielf\u00e4ltige Belegschaft aus, die junge, dynamische Talente mit erfahrenen Mitarbeitern verbindet. <\/span><\/p>\n<p><span style=\"color: #ffffff;\">Wir glauben fest an unsere Rolle als engagierter Akteur in der Baubranche und legen gro\u00dfen Wert darauf, unser Angebot weiterzuentwickeln, um den Herausforderungen des nachhaltigen Bauens gerecht zu werden. Jedes Projekt, das wir in Angriff nehmen, ist einzigartig. Deshalb passen wir unsere Techniken und Leistungen st\u00e4ndig an, um nachhaltige Alternativen anzubieten, die den Erwartungen unserer Kunden gerecht werden.<\/span><\/p>\n<p><span style=\"color: #ffffff;\">Umwelt- und gesellschaftspolitische Anliegen sind in unsere Aktivit\u00e4ten integriert. Wir setzen uns f\u00fcr die F\u00f6rderung von Energieeffizienz, erneuerbaren Energien und den Bau von Geb\u00e4uden nach den Kriterien der Kreislaufwirtschaft ein und entwickeln gleichzeitig attraktive und umweltfreundliche Stadtentwicklungen.<\/span>[\/vc_column_text][\/vc_column][\/vc_row][\/vc_section][vc_section full_width=&#8220;stretch_row&#8220; css=&#8220;.vc_custom_1763456869091{padding-top: 0px !important;background-image: url(https:\/\/lsc-group.lu\/wp-content\/uploads\/2025\/11\/bg_new.png?id=5416) !important;background-position: center !important;background-repeat: no-repeat !important;background-size: cover !important;}&#8220;][vc_row full_width=&#8220;stretch_row_content_no_spaces&#8220; disable_element=&#8220;yes&#8220; el_class=&#8220;skew-bot-row skew-top-row-light&#8220; css=&#8220;.vc_custom_1763456236181{background-color: #EEEEEE00 !important;}&#8220;][vc_column][\/vc_column][\/vc_row][vc_row el_class=&#8220;top-mar-2 bot-mar-4&#8243;][vc_column][vc_column_text css=&#8220;&#8220;]<\/p>\n<h2 class=\"al-center upper\" style=\"text-align: center;\">DIE UNTERNEHMEN DER GRUPPE<\/h2>\n<p>[\/vc_column_text][vc_column_text css=&#8220;.vc_custom_1731668331355{margin-top: 15px !important;}&#8220;]<\/p>\n<h3 style=\"text-align: center;\">IN LUXEMBURG<\/h3>\n<p>[\/vc_column_text][\/vc_column][\/vc_row][vc_row][vc_column width=&#8220;1\/5&#8243; offset=&#8220;vc_hidden-sm vc_hidden-xs&#8220;]<div class=\"hover_box\"><a href=\"https:\/\/bsc.lu\/\" target=\"_blank\" title=\"\"><div class=\"hover_box_wrapper\"><img loading=\"lazy\" decoding=\"async\" class=\"scale-with-grid visible_photo\" src=\"https:\/\/lsc-group.lu\/wp-content\/uploads\/2022\/02\/BSC_Logo_RVB-400x0-c-default.png\" alt=\"bsc\" width=\"122\" height=\"94\"\/><img loading=\"lazy\" decoding=\"async\" class=\"scale-with-grid hidden_photo\" src=\"https:\/\/lsc-group.lu\/wp-content\/uploads\/2022\/02\/BSC_Logo_RVB-400x0-c-default-1.png\" alt=\"bsc\" width=\"122\" height=\"94\"\/><\/div><\/a><\/div>\n[\/vc_column][vc_column width=&#8220;1\/5&#8243;]<div class=\"hover_box\"><a href=\"http:\/\/geoconseils.lu\/\" target=\"_blank\" title=\"\"><div class=\"hover_box_wrapper\"><img loading=\"lazy\" decoding=\"async\" class=\"scale-with-grid visible_photo\" src=\"https:\/\/lsc-group.lu\/wp-content\/uploads\/2022\/02\/GEO-12358-06-Logotype-400x0-c-default.png\" alt=\"geo conseils\" width=\"83\" height=\"93\"\/><img loading=\"lazy\" decoding=\"async\" class=\"scale-with-grid hidden_photo\" src=\"https:\/\/lsc-group.lu\/wp-content\/uploads\/2022\/02\/GEO-12358-06-Logotype-400x0-c-default-1.png\" alt=\"geo conseils\" width=\"83\" height=\"93\"\/><\/div><\/a><\/div>\n[\/vc_column][vc_column width=&#8220;1\/5&#8243;]<div class=\"hover_box\"><a href=\"http:\/\/interalia.lu\/\" target=\"_blank\" title=\"\"><div class=\"hover_box_wrapper\"><img loading=\"lazy\" decoding=\"async\" class=\"scale-with-grid visible_photo\" src=\"https:\/\/lsc-group.lu\/wp-content\/uploads\/2022\/02\/interalia_logo_300x155-400x0-c-default.png\" alt=\"inter alia\" width=\"182\" height=\"94\"\/><img loading=\"lazy\" decoding=\"async\" class=\"scale-with-grid hidden_photo\" src=\"https:\/\/lsc-group.lu\/wp-content\/uploads\/2022\/02\/interalia_logo_300x155-400x0-c-default-1.png\" alt=\"inter alia\" width=\"182\" height=\"94\"\/><\/div><\/a><\/div>\n[\/vc_column][vc_column width=&#8220;1\/5&#8243;]<div class=\"hover_box\"><a href=\"https:\/\/lsc360.lu\/\" target=\"_blank\" title=\"\"><div class=\"hover_box_wrapper\"><img loading=\"lazy\" decoding=\"async\" class=\"scale-with-grid visible_photo\" src=\"https:\/\/lsc-group.lu\/wp-content\/uploads\/2024\/11\/lsc360g.png\" alt=\"lsc360g\" width=\"117\" height=\"98\"\/><img loading=\"lazy\" decoding=\"async\" class=\"scale-with-grid hidden_photo\" src=\"https:\/\/lsc-group.lu\/wp-content\/uploads\/2024\/11\/lsc360.png\" alt=\"lsc360\" width=\"117\" height=\"98\"\/><\/div><\/a><\/div>\n[\/vc_column][vc_column width=&#8220;1\/5&#8243;]<div class=\"hover_box\"><a href=\"https:\/\/www.enerventislux.lu\/\" target=\"_blank\" title=\"\"><div class=\"hover_box_wrapper\"><img loading=\"lazy\" decoding=\"async\" class=\"scale-with-grid visible_photo\" src=\"https:\/\/lsc-group.lu\/wp-content\/uploads\/2025\/11\/enerventisGray.png\" alt=\"enerventisGray\" width=\"585\" height=\"94\"\/><img loading=\"lazy\" decoding=\"async\" class=\"scale-with-grid hidden_photo\" src=\"https:\/\/lsc-group.lu\/wp-content\/uploads\/2025\/11\/enerventisColor.png\" alt=\"enerventisColor\" width=\"585\" height=\"94\"\/><\/div><\/a><\/div>\n[\/vc_column][\/vc_row][vc_row css=&#8220;.vc_custom_1763468198044{margin-top: 50px !important;}&#8220;][vc_column][vc_column_text css=&#8220;&#8220;]<\/p>\n<h3 style=\"text-align: center;\">IM AUSLAND<\/h3>\n<p>[\/vc_column_text][\/vc_column][\/vc_row][vc_row][vc_column width=&#8220;1\/6&#8243;][\/vc_column][vc_column width=&#8220;1\/6&#8243;]<div class=\"hover_box\"><a href=\"http:\/\/scafrique.com\/\" target=\"_blank\" title=\"\"><div class=\"hover_box_wrapper\"><img loading=\"lazy\" decoding=\"async\" class=\"scale-with-grid visible_photo\" src=\"https:\/\/lsc-group.lu\/wp-content\/uploads\/2025\/06\/sc_afrique.webp\" alt=\"sc_afrique\" width=\"130\" height=\"94\"\/><img loading=\"lazy\" decoding=\"async\" class=\"scale-with-grid hidden_photo\" src=\"https:\/\/lsc-group.lu\/wp-content\/uploads\/2025\/06\/sc_afrique_color.webp\" alt=\"sc_afrique_color\" width=\"130\" height=\"94\"\/><\/div><\/a><\/div>\n[\/vc_column][vc_column width=&#8220;1\/6&#8243;]<div class=\"hover_box\"><a href=\"https:\/\/sc-france.fr\/\" target=\"_blank\" title=\"\"><div class=\"hover_box_wrapper\"><img loading=\"lazy\" decoding=\"async\" class=\"scale-with-grid visible_photo\" src=\"https:\/\/lsc-group.lu\/wp-content\/uploads\/2022\/02\/scf_logo_rvb-400x0-c-default.png\" alt=\"sc france\" width=\"316\" height=\"94\"\/><img loading=\"lazy\" decoding=\"async\" class=\"scale-with-grid hidden_photo\" src=\"https:\/\/lsc-group.lu\/wp-content\/uploads\/2022\/02\/scf_logo_rvb-400x0-c-default-1.png\" alt=\"sc france\" width=\"316\" height=\"94\"\/><\/div><\/a><\/div>\n[\/vc_column][vc_column width=&#8220;1\/6&#8243;]<div class=\"hover_box\"><a href=\"https:\/\/bfh-ingenieure.de\/\" target=\"_blank\" title=\"\"><div class=\"hover_box_wrapper\"><img loading=\"lazy\" decoding=\"async\" class=\"scale-with-grid visible_photo\" src=\"https:\/\/lsc-group.lu\/wp-content\/uploads\/2022\/02\/logo-bfh-e1627653455363-400x0-c-default.png\" alt=\"bfh\" width=\"562\" height=\"94\"\/><img loading=\"lazy\" decoding=\"async\" class=\"scale-with-grid hidden_photo\" src=\"https:\/\/lsc-group.lu\/wp-content\/uploads\/2022\/02\/logo-bfh-e1627653455363-400x0-c-default-1.png\" alt=\"bfh\" width=\"562\" height=\"94\"\/><\/div><\/a><\/div>\n[\/vc_column][vc_column width=&#8220;1\/6&#8243;]<div class=\"hover_box\"><a href=\"https:\/\/ecospective.lu\/\" target=\"_blank\" title=\"\"><div class=\"hover_box_wrapper\"><img loading=\"lazy\" decoding=\"async\" class=\"scale-with-grid visible_photo\" src=\"https:\/\/lsc-group.lu\/wp-content\/uploads\/2024\/11\/ecoPerspectiveg.png\" alt=\"ecoPerspectiveg\" width=\"317\" height=\"76\"\/><img loading=\"lazy\" decoding=\"async\" class=\"scale-with-grid hidden_photo\" src=\"https:\/\/lsc-group.lu\/wp-content\/uploads\/2024\/11\/ecoPerspective.png\" alt=\"ecoPerspective\" width=\"317\" height=\"76\"\/><\/div><\/a><\/div>\n[\/vc_column][vc_column width=&#8220;1\/6&#8243;][\/vc_column][\/vc_row][vc_row css=&#8220;.vc_custom_1763468191612{margin-top: 30px !important;}&#8220;][vc_column width=&#8220;1\/5&#8243;][\/vc_column][vc_column width=&#8220;1\/5&#8243;]<div class=\"hover_box\"><a href=\"#\" target=\"_blank\" title=\"\"><div class=\"hover_box_wrapper\"><img loading=\"lazy\" decoding=\"async\" class=\"scale-with-grid visible_photo\" src=\"https:\/\/lsc-group.lu\/wp-content\/uploads\/2024\/11\/coteIvoireg.png\" alt=\"coteIvoireg\" width=\"301\" height=\"90\"\/><img loading=\"lazy\" decoding=\"async\" class=\"scale-with-grid hidden_photo\" src=\"https:\/\/lsc-group.lu\/wp-content\/uploads\/2024\/11\/coteIvoire.png\" alt=\"coteIvoire\" width=\"301\" height=\"90\"\/><\/div><\/a><\/div>\n[\/vc_column][vc_column width=&#8220;1\/5&#8243;]<div class=\"hover_box\"><a href=\"#\" target=\"_blank\" title=\"\"><div class=\"hover_box_wrapper\"><img loading=\"lazy\" decoding=\"async\" class=\"scale-with-grid visible_photo\" src=\"https:\/\/lsc-group.lu\/wp-content\/uploads\/2024\/11\/guineeg.png\" alt=\"guineeg\" width=\"301\" height=\"90\"\/><img loading=\"lazy\" decoding=\"async\" class=\"scale-with-grid hidden_photo\" src=\"https:\/\/lsc-group.lu\/wp-content\/uploads\/2024\/11\/guinee.png\" alt=\"guinee\" width=\"301\" height=\"90\"\/><\/div><\/a><\/div>\n[\/vc_column][vc_column width=&#8220;1\/5&#8243;]<div class=\"hover_box\"><div class=\"hover_box_wrapper\"><img loading=\"lazy\" decoding=\"async\" class=\"scale-with-grid visible_photo\" src=\"https:\/\/lsc-group.lu\/wp-content\/uploads\/2025\/01\/EATECohneC_gray.webp\" alt=\"EATECohneC_gray\" width=\"584\" height=\"94\"\/><img loading=\"lazy\" decoding=\"async\" class=\"scale-with-grid hidden_photo\" src=\"https:\/\/lsc-group.lu\/wp-content\/uploads\/2025\/01\/EATECohneC.webp\" alt=\"EATECohneC\" width=\"584\" height=\"94\"\/><\/div><\/div>\n[\/vc_column][vc_column width=&#8220;1\/5&#8243;][\/vc_column][\/vc_row][vc_row css=&#8220;.vc_custom_1763468207414{margin-top: 50px !important;}&#8220;][vc_column][vc_column_text css=&#8220;&#8220;]<\/p>\n<h3 style=\"text-align: center;\">UNSERE PARTNER<\/h3>\n<p>[\/vc_column_text][\/vc_column][\/vc_row][vc_row][vc_column width=&#8220;1\/5&#8243;][\/vc_column][vc_column width=&#8220;1\/5&#8243;]<div class=\"hover_box\"><a href=\"http:\/\/terra-go.lu\/\" target=\"_blank\" title=\"\"><div class=\"hover_box_wrapper\"><img loading=\"lazy\" decoding=\"async\" class=\"scale-with-grid visible_photo\" src=\"https:\/\/lsc-group.lu\/wp-content\/uploads\/2025\/11\/terra-gray.png\" alt=\"terra-gray\" width=\"513\" height=\"94\"\/><img loading=\"lazy\" decoding=\"async\" class=\"scale-with-grid hidden_photo\" src=\"https:\/\/lsc-group.lu\/wp-content\/uploads\/2025\/11\/Terra-color.png\" alt=\"Terra-color\" width=\"513\" height=\"94\"\/><\/div><\/a><\/div>\n[\/vc_column][vc_column width=&#8220;1\/5&#8243;]<div class=\"hover_box\"><a href=\"http:\/\/tramp-gmbh.de\/\" target=\"_blank\" title=\"\"><div class=\"hover_box_wrapper\"><img loading=\"lazy\" decoding=\"async\" class=\"scale-with-grid visible_photo\" src=\"https:\/\/lsc-group.lu\/wp-content\/uploads\/2022\/02\/tramp-200x0-c-default.png\" alt=\"tramp\" width=\"128\" height=\"94\"\/><img loading=\"lazy\" decoding=\"async\" class=\"scale-with-grid hidden_photo\" src=\"https:\/\/lsc-group.lu\/wp-content\/uploads\/2022\/02\/tramp-200x0-c-default-1.png\" alt=\"tramp\" width=\"128\" height=\"94\"\/><\/div><\/a><\/div>\n[\/vc_column][vc_column width=&#8220;1\/5&#8243;]<div class=\"hover_box\"><a href=\"http:\/\/www.gewatec.lu\/\" target=\"_blank\" title=\"\"><div class=\"hover_box_wrapper\"><img loading=\"lazy\" decoding=\"async\" class=\"scale-with-grid visible_photo\" src=\"https:\/\/lsc-group.lu\/wp-content\/uploads\/2022\/02\/gewatec-200x0-c-default.png\" alt=\"gewatech\" width=\"196\" height=\"94\"\/><img loading=\"lazy\" decoding=\"async\" class=\"scale-with-grid hidden_photo\" src=\"https:\/\/lsc-group.lu\/wp-content\/uploads\/2022\/02\/gewatec-200x0-c-default-1.png\" alt=\"gewatec\" width=\"196\" height=\"94\"\/><\/div><\/a><\/div>\n[\/vc_column][vc_column width=&#8220;1\/5&#8243;][\/vc_column][\/vc_row][vc_row full_width=&#8220;stretch_row_content_no_spaces&#8220; disable_element=&#8220;yes&#8220; el_class=&#8220;skew-bot-row skew-bot-row-light&#8220;][vc_column]<div class=\"hover_box\"><a href=\"https:\/\/gc-geo.de\/\" target=\"_blank\" title=\"\"><div class=\"hover_box_wrapper\"><img loading=\"lazy\" decoding=\"async\" class=\"scale-with-grid visible_photo\" src=\"https:\/\/lsc-group.lu\/wp-content\/uploads\/2022\/02\/GC-GmbH_300pxl-e1585830502193-400x0-c-default.png\" alt=\"gc\" width=\"162\" height=\"94\"\/><img loading=\"lazy\" decoding=\"async\" class=\"scale-with-grid hidden_photo\" src=\"https:\/\/lsc-group.lu\/wp-content\/uploads\/2022\/02\/GC-GmbH_300pxl-e1585830502193-400x0-c-default-1.png\" alt=\"gc\" width=\"162\" height=\"94\"\/><\/div><\/a><\/div>\n[\/vc_column][\/vc_row][vc_row full_width=&#8220;stretch_row_content_no_spaces&#8220; disable_element=&#8220;yes&#8220; css=&#8220;.vc_custom_1763456245254{background-color: #004488 !important;}&#8220;][vc_column][\/vc_column][\/vc_row][\/vc_section]<\/p>\n<\/div>","protected":false},"excerpt":{"rendered":"<p>[vc_section full_width=&#8220;stretch_row&#8220; el_id=&#8220;intro&#8220; css=&#8220;.vc_custom_1763459888315{background: #022e59 url(https:\/\/lsc-group.lu\/wp-content\/uploads\/2025\/11\/bg_new.png?id=5416) !important;background-position: center !important;background-repeat: no-repeat !important;background-size: cover !important;}&#8220;][vc_row][vc_column][vc_column_text css=&#8220;&#8220;] Das geb\u00fcndelte Wissen einer Gruppe [\/vc_column_text][vc_column_text css=&#8220;&#8220;]Die LSC Engineering Group setzt sich<span class=\"excerpt-hellip\"> [\u2026]<\/span><\/p>\n","protected":false},"author":1,"featured_media":0,"parent":0,"menu_order":0,"comment_status":"closed","ping_status":"closed","template":"","meta":{"footnotes":""},"class_list":["post-4059","page","type-page","status-publish","hentry"],"yoast_head":"<!-- This site is optimized with the Yoast SEO plugin v23.8 - https:\/\/yoast.com\/wordpress\/plugins\/seo\/ -->\n<title>Ing\u00e9nieurs-Conseils - LSC Engineering Group<\/title>\n<meta name=\"description\" content=\"LSC Engineering Group, ing\u00e9nieurs-conseils dans le domaine de la construction et de l&#039;am\u00e9nagement du territoire, est un groupement de plusieurs bureaux d&#039;\u00e9tudes au Luxembourg et \u00e0 l&#039;\u00e9tranger. D\u00e9couvrez nos activit\u00e9s et faites nous part de votre projet.\" \/>\n<meta name=\"robots\" content=\"index, follow, max-snippet:-1, max-image-preview:large, max-video-preview:-1\" \/>\n<link rel=\"canonical\" href=\"https:\/\/lsc-group.lu\/de\/\" \/>\n<meta property=\"og:locale\" content=\"de_DE\" \/>\n<meta property=\"og:type\" content=\"article\" \/>\n<meta property=\"og:title\" content=\"Ing\u00e9nieurs-Conseils - LSC Engineering Group\" \/>\n<meta property=\"og:description\" content=\"LSC Engineering Group, ing\u00e9nieurs-conseils dans le domaine de la construction et de l&#039;am\u00e9nagement du territoire, est un groupement de plusieurs bureaux d&#039;\u00e9tudes au Luxembourg et \u00e0 l&#039;\u00e9tranger. D\u00e9couvrez nos activit\u00e9s et faites nous part de votre projet.\" \/>\n<meta property=\"og:url\" content=\"https:\/\/lsc-group.lu\/de\/\" \/>\n<meta property=\"og:site_name\" content=\"LSC Group\" \/>\n<meta property=\"article:modified_time\" content=\"2025-11-18T20:18:32+00:00\" \/>\n<meta name=\"twitter:card\" content=\"summary_large_image\" \/>\n<meta name=\"twitter:label1\" content=\"Gesch\u00e4tzte Lesezeit\" \/>\n\t<meta name=\"twitter:data1\" content=\"2\u00a0Minuten\" \/>\n<script type=\"application\/ld+json\" class=\"yoast-schema-graph\">{\"@context\":\"https:\/\/schema.org\",\"@graph\":[{\"@type\":\"WebPage\",\"@id\":\"https:\/\/lsc-group.lu\/de\/\",\"url\":\"https:\/\/lsc-group.lu\/de\/\",\"name\":\"Ing\u00e9nieurs-Conseils - LSC Engineering Group\",\"isPartOf\":{\"@id\":\"https:\/\/lsc-group.lu\/#website\"},\"datePublished\":\"2022-01-03T12:14:36+00:00\",\"dateModified\":\"2025-11-18T20:18:32+00:00\",\"description\":\"LSC Engineering Group, ing\u00e9nieurs-conseils dans le domaine de la construction et de l'am\u00e9nagement du territoire, est un groupement de plusieurs bureaux d'\u00e9tudes au Luxembourg et \u00e0 l'\u00e9tranger. D\u00e9couvrez nos activit\u00e9s et faites nous part de votre projet.\",\"breadcrumb\":{\"@id\":\"https:\/\/lsc-group.lu\/de\/#breadcrumb\"},\"inLanguage\":\"de\",\"potentialAction\":[{\"@type\":\"ReadAction\",\"target\":[\"https:\/\/lsc-group.lu\/de\/\"]}]},{\"@type\":\"BreadcrumbList\",\"@id\":\"https:\/\/lsc-group.lu\/de\/#breadcrumb\",\"itemListElement\":[{\"@type\":\"ListItem\",\"position\":1,\"name\":\"Home\",\"item\":\"https:\/\/lsc-group.lu\/de\/\"},{\"@type\":\"ListItem\",\"position\":2,\"name\":\"Home\"}]},{\"@type\":\"WebSite\",\"@id\":\"https:\/\/lsc-group.lu\/#website\",\"url\":\"https:\/\/lsc-group.lu\/\",\"name\":\"LSC Group\",\"description\":\"\",\"inLanguage\":\"de\"}]}<\/script>\n<!-- \/ Yoast SEO plugin. -->","yoast_head_json":{"title":"Ing\u00e9nieurs-Conseils - LSC Engineering Group","description":"LSC Engineering Group, ing\u00e9nieurs-conseils dans le domaine de la construction et de l'am\u00e9nagement du territoire, est un groupement de plusieurs bureaux d'\u00e9tudes au Luxembourg et \u00e0 l'\u00e9tranger. D\u00e9couvrez nos activit\u00e9s et faites nous part de votre projet.","robots":{"index":"index","follow":"follow","max-snippet":"max-snippet:-1","max-image-preview":"max-image-preview:large","max-video-preview":"max-video-preview:-1"},"canonical":"https:\/\/lsc-group.lu\/de\/","og_locale":"de_DE","og_type":"article","og_title":"Ing\u00e9nieurs-Conseils - LSC Engineering Group","og_description":"LSC Engineering Group, ing\u00e9nieurs-conseils dans le domaine de la construction et de l'am\u00e9nagement du territoire, est un groupement de plusieurs bureaux d'\u00e9tudes au Luxembourg et \u00e0 l'\u00e9tranger. D\u00e9couvrez nos activit\u00e9s et faites nous part de votre projet.","og_url":"https:\/\/lsc-group.lu\/de\/","og_site_name":"LSC Group","article_modified_time":"2025-11-18T20:18:32+00:00","twitter_card":"summary_large_image","twitter_misc":{"Gesch\u00e4tzte Lesezeit":"2\u00a0Minuten"},"schema":{"@context":"https:\/\/schema.org","@graph":[{"@type":"WebPage","@id":"https:\/\/lsc-group.lu\/de\/","url":"https:\/\/lsc-group.lu\/de\/","name":"Ing\u00e9nieurs-Conseils - LSC Engineering Group","isPartOf":{"@id":"https:\/\/lsc-group.lu\/#website"},"datePublished":"2022-01-03T12:14:36+00:00","dateModified":"2025-11-18T20:18:32+00:00","description":"LSC Engineering Group, ing\u00e9nieurs-conseils dans le domaine de la construction et de l'am\u00e9nagement du territoire, est un groupement de plusieurs bureaux d'\u00e9tudes au Luxembourg et \u00e0 l'\u00e9tranger. D\u00e9couvrez nos activit\u00e9s et faites nous part de votre projet.","breadcrumb":{"@id":"https:\/\/lsc-group.lu\/de\/#breadcrumb"},"inLanguage":"de","potentialAction":[{"@type":"ReadAction","target":["https:\/\/lsc-group.lu\/de\/"]}]},{"@type":"BreadcrumbList","@id":"https:\/\/lsc-group.lu\/de\/#breadcrumb","itemListElement":[{"@type":"ListItem","position":1,"name":"Home","item":"https:\/\/lsc-group.lu\/de\/"},{"@type":"ListItem","position":2,"name":"Home"}]},{"@type":"WebSite","@id":"https:\/\/lsc-group.lu\/#website","url":"https:\/\/lsc-group.lu\/","name":"LSC Group","description":"","inLanguage":"de"}]}},"_links":{"self":[{"href":"https:\/\/lsc-group.lu\/de\/wp-json\/wp\/v2\/pages\/4059","targetHints":{"allow":["GET"]}}],"collection":[{"href":"https:\/\/lsc-group.lu\/de\/wp-json\/wp\/v2\/pages"}],"about":[{"href":"https:\/\/lsc-group.lu\/de\/wp-json\/wp\/v2\/types\/page"}],"author":[{"embeddable":true,"href":"https:\/\/lsc-group.lu\/de\/wp-json\/wp\/v2\/users\/1"}],"replies":[{"embeddable":true,"href":"https:\/\/lsc-group.lu\/de\/wp-json\/wp\/v2\/comments?post=4059"}],"version-history":[{"count":29,"href":"https:\/\/lsc-group.lu\/de\/wp-json\/wp\/v2\/pages\/4059\/revisions"}],"predecessor-version":[{"id":5475,"href":"https:\/\/lsc-group.lu\/de\/wp-json\/wp\/v2\/pages\/4059\/revisions\/5475"}],"wp:attachment":[{"href":"https:\/\/lsc-group.lu\/de\/wp-json\/wp\/v2\/media?parent=4059"}],"curies":[{"name":"wp","href":"https:\/\/api.w.org\/{rel}","templated":true}]}}