{"id":4055,"date":"2022-01-03T13:14:48","date_gmt":"2022-01-03T12:14:48","guid":{"rendered":"https:\/\/lsc-group.lu\/?page_id=4055"},"modified":"2025-11-20T11:15:24","modified_gmt":"2025-11-20T10:15:24","slug":"kontakt","status":"publish","type":"page","link":"https:\/\/lsc-group.lu\/de\/kontakt\/","title":{"rendered":"Kontakt"},"content":{"rendered":"<div class=\"wpb-content-wrapper\"><p>[vc_section full_width=&#8220;stretch_row&#8220; el_id=&#8220;intro&#8220; css=&#8220;.vc_custom_1763633722467{background: #022e59 url(https:\/\/lsc-group.lu\/wp-content\/uploads\/2025\/11\/bg_new.png?id=5416) !important;}&#8220;][vc_row][vc_column width=&#8220;1\/2&#8243;][vc_column_text]<\/p>\n<h1 class=\"upper\">Kontakt<\/h1>\n<p>[\/vc_column_text][\/vc_column][vc_column width=&#8220;1\/2&#8243;][\/vc_column][\/vc_row][vc_row full_width=&#8220;stretch_row_content_no_spaces&#8220; disable_element=&#8220;yes&#8220; el_class=&#8220;skew-bot-row skew-bot-row-light&#8220;][vc_column][\/vc_column][\/vc_row][\/vc_section][vc_section full_width=&#8220;stretch_row&#8220; css=&#8220;.vc_custom_1763496935508{background-color: #000000 !important;}&#8220;][vc_row][vc_column width=&#8220;1\/4&#8243;][\/vc_column][vc_column width=&#8220;1\/2&#8243;]\n<div class=\"wpcf7 no-js\" id=\"wpcf7-f4105-o1\" lang=\"en-US\" dir=\"ltr\" data-wpcf7-id=\"4105\">\n<div class=\"screen-reader-response\"><p role=\"status\" aria-live=\"polite\" aria-atomic=\"true\"><\/p> <ul><\/ul><\/div>\n<form action=\"\/de\/wp-json\/wp\/v2\/pages\/4055#wpcf7-f4105-o1\" method=\"post\" class=\"wpcf7-form init\" aria-label=\"Contact form\" novalidate=\"novalidate\" data-status=\"init\">\n<div style=\"display: none;\">\n<input type=\"hidden\" name=\"_wpcf7\" value=\"4105\" \/>\n<input type=\"hidden\" name=\"_wpcf7_version\" value=\"6.0\" \/>\n<input type=\"hidden\" name=\"_wpcf7_locale\" value=\"en_US\" \/>\n<input type=\"hidden\" name=\"_wpcf7_unit_tag\" value=\"wpcf7-f4105-o1\" \/>\n<input type=\"hidden\" name=\"_wpcf7_container_post\" value=\"0\" \/>\n<input type=\"hidden\" name=\"_wpcf7_posted_data_hash\" value=\"\" \/>\n<\/div>\n<div class=\"cf-row\">\n\t<div>\n\t\t<p><label>Anrede *<\/label><span class=\"wpcf7-form-control-wrap\" data-name=\"civility\"><select class=\"wpcf7-form-control wpcf7-select wpcf7-validates-as-required\" aria-required=\"true\" aria-invalid=\"false\" name=\"civility\"><option value=\"H\">H<\/option><option value=\"F\">F<\/option><\/select><\/span>\n\t\t<\/p>\n\t<\/div>\n<\/div>\n<div class=\"cf-row\">\n\t<div>\n\t\t<p><label>Nachname *<\/label><span class=\"wpcf7-form-control-wrap\" data-name=\"your-name\"><input size=\"40\" maxlength=\"400\" class=\"wpcf7-form-control wpcf7-text wpcf7-validates-as-required\" aria-required=\"true\" aria-invalid=\"false\" value=\"\" type=\"text\" name=\"your-name\" \/><\/span>\n\t\t<\/p>\n\t<\/div>\n\t<div>\n\t\t<p><label>Vorname *<\/label><span class=\"wpcf7-form-control-wrap\" data-name=\"your-first-name\"><input size=\"40\" maxlength=\"400\" class=\"wpcf7-form-control wpcf7-text wpcf7-validates-as-required\" aria-required=\"true\" aria-invalid=\"false\" value=\"\" type=\"text\" name=\"your-first-name\" \/><\/span>\n\t\t<\/p>\n\t<\/div>\n<\/div>\n<div class=\"cf-row\">\n\t<div>\n\t\t<p><label>Email *<\/label><span class=\"wpcf7-form-control-wrap\" data-name=\"your-mail\"><input size=\"40\" maxlength=\"400\" class=\"wpcf7-form-control wpcf7-email wpcf7-validates-as-required wpcf7-text wpcf7-validates-as-email\" aria-required=\"true\" aria-invalid=\"false\" value=\"\" type=\"email\" name=\"your-mail\" \/><\/span>\n\t\t<\/p>\n\t<\/div>\n\t<div>\n\t\t<p><label>Telefon<\/label><span class=\"wpcf7-form-control-wrap\" data-name=\"your-tel\"><input size=\"40\" maxlength=\"400\" class=\"wpcf7-form-control wpcf7-tel wpcf7-text wpcf7-validates-as-tel\" aria-invalid=\"false\" value=\"\" type=\"tel\" name=\"your-tel\" \/><\/span>\n\t\t<\/p>\n\t<\/div>\n<\/div>\n<div class=\"cf-row\">\n\t<div>\n\t\t<p><label>Ich bin<\/label><span class=\"wpcf7-form-control-wrap\" data-name=\"profession\"><select class=\"wpcf7-form-control wpcf7-select wpcf7-validates-as-required\" aria-required=\"true\" aria-invalid=\"false\" name=\"profession\"><option value=\"Eine Fachperson\">Eine Fachperson<\/option><option value=\"Eine Gemeinde\">Eine Gemeinde<\/option><option value=\"Eine \u00f6ffentliche Einrichtung\">Eine \u00f6ffentliche Einrichtung<\/option><option value=\"Eine Privatperson\">Eine Privatperson<\/option><\/select><\/span>\n\t\t<\/p>\n\t<\/div>\n\t<div>\n\t\t<p><label>Dies betrifft *<\/label><span class=\"wpcf7-form-control-wrap\" data-name=\"your-demand\"><select class=\"wpcf7-form-control wpcf7-select wpcf7-validates-as-required\" aria-required=\"true\" aria-invalid=\"false\" name=\"your-demand\"><option value=\"Anderes\">Anderes<\/option><option value=\"Stadt- und Raumplanung\">Stadt- und Raumplanung<\/option><option value=\"Verkehr und Mobilit\u00e4t\">Verkehr und Mobilit\u00e4t<\/option><option value=\"Topografie und 3D-Laserscanning-L\u00f6sungen\">Topografie und 3D-Laserscanning-L\u00f6sungen<\/option><option value=\"Technische Geb\u00e4udeausr\u00fcstung\">Technische Geb\u00e4udeausr\u00fcstung<\/option><option value=\"Geografisches Informationssystem (GIS)\">Geografisches Informationssystem (GIS)<\/option><option value=\"Geotechnik &amp; Ingenieurgeologie\">Geotechnik &amp; Ingenieurgeologie<\/option><option value=\"Offizielle Messung\">Offizielle Messung<\/option><option value=\"Hydrologie\">Hydrologie<\/option><option value=\"Forstwirtschaftliche Studien\">Forstwirtschaftliche Studien<\/option><option value=\"Nat\u00fcrliche Umwelt\">Nat\u00fcrliche Umwelt<\/option><option value=\"Technisches Umfeld\">Technisches Umfeld<\/option><option value=\"Drohnengest\u00fctzte Datenerhebung\">Drohnengest\u00fctzte Datenerhebung<\/option><option value=\"Energie und Kreislaufwirtschaft\">Energie und Kreislaufwirtschaft<\/option><option value=\"Infrastrukturplanung\">Infrastrukturplanung<\/option><option value=\"Konstruktiver Ingenieurbau\">Konstruktiver Ingenieurbau<\/option><option value=\"Project management\">Project management<\/option><option value=\"SAFE\">SAFE<\/option><option value=\"Bauleitung\">Bauleitung<\/option><option value=\"Umwelt\">Umwelt<\/option><option value=\"Hydrogeologie und Grundwassermanagement\">Hydrogeologie und Grundwassermanagement<\/option><option value=\"Engineering\">Engineering<\/option><option value=\"Schutz und Sicherheit\">Schutz und Sicherheit<\/option><option value=\"Akustik\">Akustik<\/option><\/select><\/span>\n\t\t<\/p>\n\t<\/div>\n<\/div>\n<p><label>Nachricht<\/label><span class=\"wpcf7-form-control-wrap\" data-name=\"your-message\"><textarea cols=\"40\" rows=\"10\" maxlength=\"2000\" class=\"wpcf7-form-control wpcf7-textarea wpcf7-validates-as-required\" aria-required=\"true\" aria-invalid=\"false\" name=\"your-message\"><\/textarea><\/span>\n<\/p>\n<p><span class=\"wpcf7-form-control-wrap\" data-name=\"legal-check\"><span class=\"wpcf7-form-control wpcf7-checkbox wpcf7-validates-as-required\"><span class=\"wpcf7-list-item first last\"><label><input type=\"checkbox\" name=\"legal-check[]\" value=\"Mit dem Absenden dieses Formulars erkl\u00e4re ich mich damit einverstanden, dass die LSC Engineering Group die darin enthaltenen pers\u00f6nlichen Daten zur Bearbeitung meiner Bewerbung verwendet. Um Ihre Rechte zu erfahren und auszu\u00fcben, einschlie\u00dflich des Widerrufs der Zustimmung zur Verwendung Ihrer gesammelten Daten, lesen Sie bitte unsere Datenschutzrichtlinie.\" \/><span class=\"wpcf7-list-item-label\">Mit dem Absenden dieses Formulars erkl\u00e4re ich mich damit einverstanden, dass die LSC Engineering Group die darin enthaltenen pers\u00f6nlichen Daten zur Bearbeitung meiner Bewerbung verwendet. Um Ihre Rechte zu erfahren und auszu\u00fcben, einschlie\u00dflich des Widerrufs der Zustimmung zur Verwendung Ihrer gesammelten Daten, lesen Sie bitte unsere Datenschutzrichtlinie.<\/span><\/label><\/span><\/span><\/span>\n<\/p>\n<p class=\"contact-hint\">*Pflichtfelder\n<\/p>\n<div class=\"wpcf-submit-wrap al-center\">\n\t<p><input class=\"wpcf7-form-control wpcf7-submit has-spinner cta-btn cta-btn-white\" type=\"submit\" value=\"Senden\" \/>\n\t<\/p>\n<\/div><div class=\"wpcf7-response-output\" aria-hidden=\"true\"><\/div>\n<\/form>\n<\/div>\n[\/vc_column][vc_column width=&#8220;1\/4&#8243;][\/vc_column][\/vc_row][\/vc_section]<\/p>\n<\/div>","protected":false},"excerpt":{"rendered":"<p>[vc_section full_width=&#8220;stretch_row&#8220; el_id=&#8220;intro&#8220; css=&#8220;.vc_custom_1763633722467{background: #022e59 url(https:\/\/lsc-group.lu\/wp-content\/uploads\/2025\/11\/bg_new.png?id=5416) !important;}&#8220;][vc_row][vc_column width=&#8220;1\/2&#8243;][vc_column_text] Kontakt [\/vc_column_text][\/vc_column][vc_column width=&#8220;1\/2&#8243;][\/vc_column][\/vc_row][vc_row full_width=&#8220;stretch_row_content_no_spaces&#8220; disable_element=&#8220;yes&#8220; el_class=&#8220;skew-bot-row skew-bot-row-light&#8220;][vc_column][\/vc_column][\/vc_row][\/vc_section][vc_section full_width=&#8220;stretch_row&#8220; css=&#8220;.vc_custom_1763496935508{background-color: #000000 !important;}&#8220;][vc_row][vc_column width=&#8220;1\/4&#8243;][\/vc_column][vc_column width=&#8220;1\/2&#8243;][\/vc_column][vc_column width=&#8220;1\/4&#8243;][\/vc_column][\/vc_row][\/vc_section]<\/p>\n","protected":false},"author":1,"featured_media":0,"parent":0,"menu_order":0,"comment_status":"closed","ping_status":"closed","template":"","meta":{"footnotes":""},"class_list":["post-4055","page","type-page","status-publish","hentry"],"yoast_head":"<!-- This site is optimized with the Yoast SEO plugin v23.8 - https:\/\/yoast.com\/wordpress\/plugins\/seo\/ -->\n<title>Kontakt - LSC Group<\/title>\n<meta name=\"robots\" content=\"index, follow, max-snippet:-1, max-image-preview:large, max-video-preview:-1\" \/>\n<link rel=\"canonical\" href=\"https:\/\/lsc-group.lu\/de\/kontakt\/\" \/>\n<meta property=\"og:locale\" content=\"de_DE\" \/>\n<meta property=\"og:type\" content=\"article\" \/>\n<meta property=\"og:title\" content=\"Kontakt - LSC Group\" \/>\n<meta property=\"og:description\" content=\"[vc_section full_width=&#8220;stretch_row&#8220; el_id=&#8220;intro&#8220; css=&#8220;.vc_custom_1763633722467{background: #022e59 url(https:\/\/lsc-group.lu\/wp-content\/uploads\/2025\/11\/bg_new.png?id=5416) !important;}&#8220;][vc_row][vc_column width=&#8220;1\/2&#8243;][vc_column_text] Kontakt [\/vc_column_text][\/vc_column][vc_column width=&#8220;1\/2&#8243;][\/vc_column][\/vc_row][vc_row full_width=&#8220;stretch_row_content_no_spaces&#8220; disable_element=&#8220;yes&#8220; el_class=&#8220;skew-bot-row skew-bot-row-light&#8220;][vc_column][\/vc_column][\/vc_row][\/vc_section][vc_section full_width=&#8220;stretch_row&#8220; css=&#8220;.vc_custom_1763496935508{background-color: #000000 !important;}&#8220;][vc_row][vc_column width=&#8220;1\/4&#8243;][\/vc_column][vc_column width=&#8220;1\/2&#8243;][\/vc_column][vc_column width=&#8220;1\/4&#8243;][\/vc_column][\/vc_row][\/vc_section]\" \/>\n<meta property=\"og:url\" content=\"https:\/\/lsc-group.lu\/de\/kontakt\/\" \/>\n<meta property=\"og:site_name\" content=\"LSC Group\" \/>\n<meta property=\"article:modified_time\" content=\"2025-11-20T10:15:24+00:00\" \/>\n<meta name=\"twitter:card\" content=\"summary_large_image\" \/>\n<meta name=\"twitter:label1\" content=\"Gesch\u00e4tzte Lesezeit\" \/>\n\t<meta name=\"twitter:data1\" content=\"1\u00a0Minute\" \/>\n<script type=\"application\/ld+json\" class=\"yoast-schema-graph\">{\"@context\":\"https:\/\/schema.org\",\"@graph\":[{\"@type\":\"WebPage\",\"@id\":\"https:\/\/lsc-group.lu\/de\/kontakt\/\",\"url\":\"https:\/\/lsc-group.lu\/de\/kontakt\/\",\"name\":\"Kontakt - LSC Group\",\"isPartOf\":{\"@id\":\"https:\/\/lsc-group.lu\/#website\"},\"datePublished\":\"2022-01-03T12:14:48+00:00\",\"dateModified\":\"2025-11-20T10:15:24+00:00\",\"breadcrumb\":{\"@id\":\"https:\/\/lsc-group.lu\/de\/kontakt\/#breadcrumb\"},\"inLanguage\":\"de\",\"potentialAction\":[{\"@type\":\"ReadAction\",\"target\":[\"https:\/\/lsc-group.lu\/de\/kontakt\/\"]}]},{\"@type\":\"BreadcrumbList\",\"@id\":\"https:\/\/lsc-group.lu\/de\/kontakt\/#breadcrumb\",\"itemListElement\":[{\"@type\":\"ListItem\",\"position\":1,\"name\":\"Home\",\"item\":\"https:\/\/lsc-group.lu\/de\/\"},{\"@type\":\"ListItem\",\"position\":2,\"name\":\"Kontakt\"}]},{\"@type\":\"WebSite\",\"@id\":\"https:\/\/lsc-group.lu\/#website\",\"url\":\"https:\/\/lsc-group.lu\/\",\"name\":\"LSC Group\",\"description\":\"\",\"inLanguage\":\"de\"}]}<\/script>\n<!-- \/ Yoast SEO plugin. -->","yoast_head_json":{"title":"Kontakt - LSC Group","robots":{"index":"index","follow":"follow","max-snippet":"max-snippet:-1","max-image-preview":"max-image-preview:large","max-video-preview":"max-video-preview:-1"},"canonical":"https:\/\/lsc-group.lu\/de\/kontakt\/","og_locale":"de_DE","og_type":"article","og_title":"Kontakt - LSC Group","og_description":"[vc_section full_width=&#8220;stretch_row&#8220; el_id=&#8220;intro&#8220; css=&#8220;.vc_custom_1763633722467{background: #022e59 url(https:\/\/lsc-group.lu\/wp-content\/uploads\/2025\/11\/bg_new.png?id=5416) !important;}&#8220;][vc_row][vc_column width=&#8220;1\/2&#8243;][vc_column_text] Kontakt [\/vc_column_text][\/vc_column][vc_column width=&#8220;1\/2&#8243;][\/vc_column][\/vc_row][vc_row full_width=&#8220;stretch_row_content_no_spaces&#8220; disable_element=&#8220;yes&#8220; el_class=&#8220;skew-bot-row skew-bot-row-light&#8220;][vc_column][\/vc_column][\/vc_row][\/vc_section][vc_section full_width=&#8220;stretch_row&#8220; css=&#8220;.vc_custom_1763496935508{background-color: #000000 !important;}&#8220;][vc_row][vc_column width=&#8220;1\/4&#8243;][\/vc_column][vc_column width=&#8220;1\/2&#8243;][\/vc_column][vc_column width=&#8220;1\/4&#8243;][\/vc_column][\/vc_row][\/vc_section]","og_url":"https:\/\/lsc-group.lu\/de\/kontakt\/","og_site_name":"LSC Group","article_modified_time":"2025-11-20T10:15:24+00:00","twitter_card":"summary_large_image","twitter_misc":{"Gesch\u00e4tzte Lesezeit":"1\u00a0Minute"},"schema":{"@context":"https:\/\/schema.org","@graph":[{"@type":"WebPage","@id":"https:\/\/lsc-group.lu\/de\/kontakt\/","url":"https:\/\/lsc-group.lu\/de\/kontakt\/","name":"Kontakt - LSC Group","isPartOf":{"@id":"https:\/\/lsc-group.lu\/#website"},"datePublished":"2022-01-03T12:14:48+00:00","dateModified":"2025-11-20T10:15:24+00:00","breadcrumb":{"@id":"https:\/\/lsc-group.lu\/de\/kontakt\/#breadcrumb"},"inLanguage":"de","potentialAction":[{"@type":"ReadAction","target":["https:\/\/lsc-group.lu\/de\/kontakt\/"]}]},{"@type":"BreadcrumbList","@id":"https:\/\/lsc-group.lu\/de\/kontakt\/#breadcrumb","itemListElement":[{"@type":"ListItem","position":1,"name":"Home","item":"https:\/\/lsc-group.lu\/de\/"},{"@type":"ListItem","position":2,"name":"Kontakt"}]},{"@type":"WebSite","@id":"https:\/\/lsc-group.lu\/#website","url":"https:\/\/lsc-group.lu\/","name":"LSC Group","description":"","inLanguage":"de"}]}},"_links":{"self":[{"href":"https:\/\/lsc-group.lu\/de\/wp-json\/wp\/v2\/pages\/4055","targetHints":{"allow":["GET"]}}],"collection":[{"href":"https:\/\/lsc-group.lu\/de\/wp-json\/wp\/v2\/pages"}],"about":[{"href":"https:\/\/lsc-group.lu\/de\/wp-json\/wp\/v2\/types\/page"}],"author":[{"embeddable":true,"href":"https:\/\/lsc-group.lu\/de\/wp-json\/wp\/v2\/users\/1"}],"replies":[{"embeddable":true,"href":"https:\/\/lsc-group.lu\/de\/wp-json\/wp\/v2\/comments?post=4055"}],"version-history":[{"count":11,"href":"https:\/\/lsc-group.lu\/de\/wp-json\/wp\/v2\/pages\/4055\/revisions"}],"predecessor-version":[{"id":5480,"href":"https:\/\/lsc-group.lu\/de\/wp-json\/wp\/v2\/pages\/4055\/revisions\/5480"}],"wp:attachment":[{"href":"https:\/\/lsc-group.lu\/de\/wp-json\/wp\/v2\/media?parent=4055"}],"curies":[{"name":"wp","href":"https:\/\/api.w.org\/{rel}","templated":true}]}}